{"id":1606,"date":"2021-04-29T19:11:25","date_gmt":"2021-04-29T17:11:25","guid":{"rendered":"http:\/\/localhost\/wordpress\/?post_type=product&#038;p=1606"},"modified":"2024-01-24T18:04:38","modified_gmt":"2024-01-24T17:04:38","slug":"schluesselanhaenger-65x18mm-2-zeilen","status":"publish","type":"product","link":"https:\/\/bndeal.ch\/?product=schluesselanhaenger-65x18mm-2-zeilen","title":{"rendered":"Schl\u00fcsselanh\u00e4nger rund 33mm"},"content":{"rendered":"<p>Gravierter Kunststoff- Schl\u00fcsselanh\u00e4nger mit individueller Gravur + Schl\u00fcsselring<\/p>\n<p>Masse: <strong>33x33mm<br \/>\n<\/strong>Dicke: <strong>1.55mm<\/strong><\/p>\n<p>Eigenschaften:<\/p>\n<ul>\n<li>leicht<\/li>\n<li>individuelle Beschriftung<\/li>\n<li>weisse R\u00fcckseite<\/li>\n<\/ul>\n","protected":false},"excerpt":{"rendered":"<p>Runder Gravierter Kunststoff- Schl\u00fcsselanh\u00e4nger mit individueller Gravur + Schl\u00fcsselring<\/p>\n<p>Masse: <strong>33x33mm<br \/>\n<\/strong>Dicke: <strong>1.55mm<\/strong><\/p>\n","protected":false},"featured_media":1612,"comment_status":"open","ping_status":"closed","template":"","meta":[],"class_list":{"0":"post-1606","1":"product","2":"type-product","3":"status-publish","4":"has-post-thumbnail","6":"product_cat-gravurschilder","7":"product_cat-gravurschild_standard","8":"product_tag-1-zeile","9":"product_tag-anhaenger","10":"product_tag-farbe3","11":"product_tag-gravieren","12":"product_tag-gravur","13":"product_tag-schluessel","14":"product_tag-schluesselanhaenger","15":"product_shipping_class-brief-b5-2cm-100g","17":"first","18":"outofstock","19":"taxable","20":"shipping-taxable","21":"purchasable","22":"product-type-simple"},"_links":{"self":[{"href":"https:\/\/bndeal.ch\/index.php?rest_route=\/wp\/v2\/product\/1606","targetHints":{"allow":["GET"]}}],"collection":[{"href":"https:\/\/bndeal.ch\/index.php?rest_route=\/wp\/v2\/product"}],"about":[{"href":"https:\/\/bndeal.ch\/index.php?rest_route=\/wp\/v2\/types\/product"}],"replies":[{"embeddable":true,"href":"https:\/\/bndeal.ch\/index.php?rest_route=%2Fwp%2Fv2%2Fcomments&post=1606"}],"wp:featuredmedia":[{"embeddable":true,"href":"https:\/\/bndeal.ch\/index.php?rest_route=\/wp\/v2\/media\/1612"}],"wp:attachment":[{"href":"https:\/\/bndeal.ch\/index.php?rest_route=%2Fwp%2Fv2%2Fmedia&parent=1606"}],"curies":[{"name":"wp","href":"https:\/\/api.w.org\/{rel}","templated":true}]}}