{"id":1616,"date":"2021-04-29T19:16:16","date_gmt":"2021-04-29T17:16:16","guid":{"rendered":"http:\/\/localhost\/wordpress\/?post_type=product&#038;p=1616"},"modified":"2025-04-13T18:33:43","modified_gmt":"2025-04-13T16:33:43","slug":"schluesselanhaenger-2-zeilen-65x18mm","status":"publish","type":"product","link":"https:\/\/bndeal.ch\/?product=schluesselanhaenger-2-zeilen-65x18mm","title":{"rendered":"Schl\u00fcsselanh\u00e4nger 2 Zeilen 18x65mm"},"content":{"rendered":"<p>Gravierter Kunststoff- Schl\u00fcsselanh\u00e4nger mit individueller Gravur + Schl\u00fcsselring<\/p>\n<p><strong>2 Zeilen<\/strong> Gravur<\/p>\n<p>Masse: <strong>18x65mm<br \/>\n<\/strong>Dicke: <strong>1.55mm<br \/>\n<\/strong><\/p>\n<p>Eigenschaften:<\/p>\n<ul>\n<li>leicht<\/li>\n<li>individuelle Beschriftung<\/li>\n<\/ul>\n","protected":false},"excerpt":{"rendered":"<p>Gravierter Kunststoff- Schl\u00fcsselanh\u00e4nger mit individueller Gravur + Schl\u00fcsselring, 2 Zeilig<\/p>\n<p>Masse: <strong>18x65mm<br \/>\n<\/strong>Dicke:<strong>1.55mm<\/strong><\/p>\n","protected":false},"featured_media":1651,"comment_status":"open","ping_status":"closed","template":"","meta":[],"class_list":{"0":"post-1616","1":"product","2":"type-product","3":"status-publish","4":"has-post-thumbnail","6":"product_cat-gravurschilder","7":"product_cat-gravurschild_standard","8":"product_tag-2-zeilen","9":"product_tag-anhaenger","10":"product_tag-farbe2","11":"product_tag-gravieren","12":"product_tag-gravur","13":"product_tag-schluessel","14":"product_tag-schluesselanhaenger","15":"product_shipping_class-brief-b5-2cm-100g","17":"first","18":"outofstock","19":"taxable","20":"shipping-taxable","21":"purchasable","22":"product-type-simple"},"_links":{"self":[{"href":"https:\/\/bndeal.ch\/index.php?rest_route=\/wp\/v2\/product\/1616","targetHints":{"allow":["GET"]}}],"collection":[{"href":"https:\/\/bndeal.ch\/index.php?rest_route=\/wp\/v2\/product"}],"about":[{"href":"https:\/\/bndeal.ch\/index.php?rest_route=\/wp\/v2\/types\/product"}],"replies":[{"embeddable":true,"href":"https:\/\/bndeal.ch\/index.php?rest_route=%2Fwp%2Fv2%2Fcomments&post=1616"}],"wp:featuredmedia":[{"embeddable":true,"href":"https:\/\/bndeal.ch\/index.php?rest_route=\/wp\/v2\/media\/1651"}],"wp:attachment":[{"href":"https:\/\/bndeal.ch\/index.php?rest_route=%2Fwp%2Fv2%2Fmedia&parent=1616"}],"curies":[{"name":"wp","href":"https:\/\/api.w.org\/{rel}","templated":true}]}}